{"id":2,"date":"2024-02-29T16:50:40","date_gmt":"2024-02-29T16:50:40","guid":{"rendered":"https:\/\/laviajeraastral.cl\/?page_id=2"},"modified":"2024-02-29T18:45:48","modified_gmt":"2024-02-29T18:45:48","slug":"sample-page","status":"publish","type":"page","link":"https:\/\/laviajeraastral.cl\/","title":{"rendered":"Servicios"},"content":{"rendered":"\n<p>Me encanta acercar a las personas a la espiritualidad, superando el miedo a su mundo interior. Creo firmemente que el autoconocimiento es la br\u00fajula principal para dirigir nuestra vida y es ah\u00ed donde est\u00e1n las respuestas claves para que puedas vivir desde tu autenticidad y esencia.<\/p>\n\n\n\n<blockquote class=\"wp-block-quote is-layout-flow wp-block-quote-is-layout-flow\">\n<p>Soy chilena apasionada por los viajes, el autoconocimiento, la monta\u00f1a y la naturaleza. Estudi\u00e9 Relaciones P\u00fablicas con orientaci\u00f3n en Marketing, pero la vida me llev\u00f3 al fascinante mundo de la astrolog\u00eda.<\/p>\n<cite>soy Naty<\/cite><\/blockquote>\n\n\n\n<p><\/p>\n","protected":false},"excerpt":{"rendered":"<p>Me encanta acercar a las personas a la espiritualidad, superando el miedo a su mundo interior. Creo firmemente que el &hellip; <span class=\"more-button\"><a href=\"https:\/\/laviajeraastral.cl\/\" class=\"more-link\">Continue Reading<span class=\"screen-reader-text\">Servicios<\/span><\/a><\/span><\/p>\n","protected":false},"author":1,"featured_media":0,"parent":0,"menu_order":0,"comment_status":"closed","ping_status":"open","template":"","meta":{"footnotes":""},"class_list":["post-2","page","type-page","status-publish","hentry"],"_links":{"self":[{"href":"https:\/\/laviajeraastral.cl\/index.php?rest_route=\/wp\/v2\/pages\/2","targetHints":{"allow":["GET"]}}],"collection":[{"href":"https:\/\/laviajeraastral.cl\/index.php?rest_route=\/wp\/v2\/pages"}],"about":[{"href":"https:\/\/laviajeraastral.cl\/index.php?rest_route=\/wp\/v2\/types\/page"}],"author":[{"embeddable":true,"href":"https:\/\/laviajeraastral.cl\/index.php?rest_route=\/wp\/v2\/users\/1"}],"replies":[{"embeddable":true,"href":"https:\/\/laviajeraastral.cl\/index.php?rest_route=%2Fwp%2Fv2%2Fcomments&post=2"}],"version-history":[{"count":4,"href":"https:\/\/laviajeraastral.cl\/index.php?rest_route=\/wp\/v2\/pages\/2\/revisions"}],"predecessor-version":[{"id":40,"href":"https:\/\/laviajeraastral.cl\/index.php?rest_route=\/wp\/v2\/pages\/2\/revisions\/40"}],"wp:attachment":[{"href":"https:\/\/laviajeraastral.cl\/index.php?rest_route=%2Fwp%2Fv2%2Fmedia&parent=2"}],"curies":[{"name":"wp","href":"https:\/\/api.w.org\/{rel}","templated":true}]}}